{"id":698,"date":"2020-10-21T19:10:33","date_gmt":"2020-10-21T22:10:33","guid":{"rendered":"http:\/\/hsllaboratorio.com.br\/?page_id=698"},"modified":"2020-10-27T19:21:57","modified_gmt":"2020-10-27T22:21:57","slug":"cosmeticos","status":"publish","type":"page","link":"https:\/\/hsllaboratorio.com.br\/index.php\/cosmeticos\/","title":{"rendered":"Cosm\u00e9ticos"},"content":{"rendered":"\t\t<div data-elementor-type=\"wp-page\" data-elementor-id=\"698\" class=\"elementor elementor-698\" data-elementor-settings=\"[]\">\n\t\t\t\t\t\t<div class=\"elementor-inner\">\n\t\t\t\t\t\t\t<div class=\"elementor-section-wrap\">\n\t\t\t\t\t\t\t<section class=\"elementor-section elementor-top-section elementor-element elementor-element-82a0a5f elementor-section-boxed elementor-section-height-default elementor-section-height-default\" data-id=\"82a0a5f\" data-element_type=\"section\">\n\t\t\t\t\t\t<div class=\"elementor-container elementor-column-gap-default\">\n\t\t\t\t\t\t\t<div class=\"elementor-row\">\n\t\t\t\t\t<div class=\"elementor-column elementor-col-100 elementor-top-column elementor-element elementor-element-d06975b\" data-id=\"d06975b\" data-element_type=\"column\">\n\t\t\t<div class=\"elementor-column-wrap elementor-element-populated\">\n\t\t\t\t\t\t\t<div class=\"elementor-widget-wrap\">\n\t\t\t\t\t\t<div class=\"elementor-element elementor-element-54657c0 elementor-widget elementor-widget-text-editor\" data-id=\"54657c0\" data-element_type=\"widget\" data-widget_type=\"text-editor.default\">\n\t\t\t\t<div class=\"elementor-widget-container\">\n\t\t\t\t\t<div class=\"elementor-text-editor elementor-clearfix\"><p>Voc\u00ea esta procurando teste de Qualidade de Produto Acabado e de \u00c1gua de Processo?<\/p><p>O HSL pode te ajudar.<\/p><p>Nossos servi\u00e7os incluem:<\/p><ul><li>Controle de \u00e1gua de processo;<\/li><li>An\u00e1lise microbiol\u00f3gica de produto acabado;<\/li><li>An\u00e1lise de valida\u00e7\u00e3o de limpeza do processo de fabrica\u00e7\u00e3o;<\/li><li>An\u00e1lise de \u00e1gua de consumo em atendimento \u00e0 Vigil\u00e2ncia Sanit\u00e1ria.<\/li><\/ul><\/div>\n\t\t\t\t<\/div>\n\t\t\t\t<\/div>\n\t\t\t\t\t\t<\/div>\n\t\t\t\t\t<\/div>\n\t\t<\/div>\n\t\t\t\t\t\t\t\t<\/div>\n\t\t\t\t\t<\/div>\n\t\t<\/section>\n\t\t\t\t<section class=\"elementor-section elementor-top-section elementor-element elementor-element-9891049 elementor-section-boxed elementor-section-height-default elementor-section-height-default\" data-id=\"9891049\" data-element_type=\"section\">\n\t\t\t\t\t\t<div class=\"elementor-container elementor-column-gap-default\">\n\t\t\t\t\t\t\t<div class=\"elementor-row\">\n\t\t\t\t\t<div class=\"elementor-column elementor-col-100 elementor-top-column elementor-element elementor-element-536c39d\" data-id=\"536c39d\" data-element_type=\"column\">\n\t\t\t<div class=\"elementor-column-wrap elementor-element-populated\">\n\t\t\t\t\t\t\t<div class=\"elementor-widget-wrap\">\n\t\t\t\t\t\t<div class=\"elementor-element elementor-element-397de1e elementor-widget elementor-widget-text-editor\" data-id=\"397de1e\" data-element_type=\"widget\" data-widget_type=\"text-editor.default\">\n\t\t\t\t<div class=\"elementor-widget-container\">\n\t\t\t\t\t<div class=\"elementor-text-editor elementor-clearfix\"><h3>Precisando de algum dos servi\u00e7os acima?<\/h3><\/div>\n\t\t\t\t<\/div>\n\t\t\t\t<\/div>\n\t\t\t\t\t\t<\/div>\n\t\t\t\t\t<\/div>\n\t\t<\/div>\n\t\t\t\t\t\t\t\t<\/div>\n\t\t\t\t\t<\/div>\n\t\t<\/section>\n\t\t\t\t<section class=\"elementor-section elementor-top-section elementor-element elementor-element-d2ab677 elementor-section-boxed elementor-section-height-default elementor-section-height-default\" data-id=\"d2ab677\" data-element_type=\"section\">\n\t\t\t\t\t\t<div class=\"elementor-container elementor-column-gap-default\">\n\t\t\t\t\t\t\t<div class=\"elementor-row\">\n\t\t\t\t\t<div class=\"elementor-column elementor-col-100 elementor-top-column elementor-element elementor-element-c949be4\" data-id=\"c949be4\" data-element_type=\"column\">\n\t\t\t<div class=\"elementor-column-wrap elementor-element-populated\">\n\t\t\t\t\t\t\t<div class=\"elementor-widget-wrap\">\n\t\t\t\t\t\t<div class=\"elementor-element elementor-element-cf4b59a elementor-widget elementor-widget-button\" data-id=\"cf4b59a\" data-element_type=\"widget\" data-widget_type=\"button.default\">\n\t\t\t\t<div class=\"elementor-widget-container\">\n\t\t\t\t\t<div class=\"elementor-button-wrapper\">\n\t\t\t<a href=\"http:\/\/hsllaboratorio.com.br\/index.php\/orcamento\/\" class=\"elementor-button-link elementor-button elementor-size-lg\" role=\"button\">\n\t\t\t\t\t\t<span class=\"elementor-button-content-wrapper\">\n\t\t\t\t\t\t<span class=\"elementor-button-text\">Solicite Or\u00e7amento<\/span>\n\t\t<\/span>\n\t\t\t\t\t<\/a>\n\t\t<\/div>\n\t\t\t\t<\/div>\n\t\t\t\t<\/div>\n\t\t\t\t\t\t<\/div>\n\t\t\t\t\t<\/div>\n\t\t<\/div>\n\t\t\t\t\t\t\t\t<\/div>\n\t\t\t\t\t<\/div>\n\t\t<\/section>\n\t\t\t\t\t\t<\/div>\n\t\t\t\t\t\t<\/div>\n\t\t\t\t\t<\/div>\n\t\t","protected":false},"excerpt":{"rendered":"<p>Voc\u00ea esta procurando teste de Qualidade de Produto Acabado e de \u00c1gua de Processo? O HSL pode te ajudar. Nossos servi\u00e7os incluem: Controle de \u00e1gua de processo; An\u00e1lise microbiol\u00f3gica de produto acabado; An\u00e1lise de valida\u00e7\u00e3o de limpeza do processo de fabrica\u00e7\u00e3o; An\u00e1lise de \u00e1gua de consumo em atendimento \u00e0 Vigil\u00e2ncia Sanit\u00e1ria. Precisando de algum dos [&hellip;]<\/p>\n","protected":false},"author":1,"featured_media":0,"parent":0,"menu_order":0,"comment_status":"closed","ping_status":"open","template":"","meta":{"footnotes":""},"class_list":["post-698","page","type-page","status-publish","hentry"],"_links":{"self":[{"href":"https:\/\/hsllaboratorio.com.br\/index.php\/wp-json\/wp\/v2\/pages\/698","targetHints":{"allow":["GET"]}}],"collection":[{"href":"https:\/\/hsllaboratorio.com.br\/index.php\/wp-json\/wp\/v2\/pages"}],"about":[{"href":"https:\/\/hsllaboratorio.com.br\/index.php\/wp-json\/wp\/v2\/types\/page"}],"author":[{"embeddable":true,"href":"https:\/\/hsllaboratorio.com.br\/index.php\/wp-json\/wp\/v2\/users\/1"}],"replies":[{"embeddable":true,"href":"https:\/\/hsllaboratorio.com.br\/index.php\/wp-json\/wp\/v2\/comments?post=698"}],"version-history":[{"count":7,"href":"https:\/\/hsllaboratorio.com.br\/index.php\/wp-json\/wp\/v2\/pages\/698\/revisions"}],"predecessor-version":[{"id":791,"href":"https:\/\/hsllaboratorio.com.br\/index.php\/wp-json\/wp\/v2\/pages\/698\/revisions\/791"}],"wp:attachment":[{"href":"https:\/\/hsllaboratorio.com.br\/index.php\/wp-json\/wp\/v2\/media?parent=698"}],"curies":[{"name":"wp","href":"https:\/\/api.w.org\/{rel}","templated":true}]}}