{"id":708,"date":"2020-10-21T19:17:18","date_gmt":"2020-10-21T22:17:18","guid":{"rendered":"http:\/\/hsllaboratorio.com.br\/?page_id=708"},"modified":"2020-10-27T19:20:03","modified_gmt":"2020-10-27T22:20:03","slug":"consultoria","status":"publish","type":"page","link":"https:\/\/hsllaboratorio.com.br\/index.php\/consultoria\/","title":{"rendered":"Consultoria"},"content":{"rendered":"\t\t<div data-elementor-type=\"wp-page\" data-elementor-id=\"708\" class=\"elementor elementor-708\" data-elementor-settings=\"[]\">\n\t\t\t\t\t\t<div class=\"elementor-inner\">\n\t\t\t\t\t\t\t<div class=\"elementor-section-wrap\">\n\t\t\t\t\t\t\t<section class=\"elementor-section elementor-top-section elementor-element elementor-element-8c195ac elementor-section-boxed elementor-section-height-default elementor-section-height-default\" data-id=\"8c195ac\" data-element_type=\"section\">\n\t\t\t\t\t\t<div class=\"elementor-container elementor-column-gap-default\">\n\t\t\t\t\t\t\t<div class=\"elementor-row\">\n\t\t\t\t\t<div class=\"elementor-column elementor-col-100 elementor-top-column elementor-element elementor-element-143955e\" data-id=\"143955e\" data-element_type=\"column\">\n\t\t\t<div class=\"elementor-column-wrap elementor-element-populated\">\n\t\t\t\t\t\t\t<div class=\"elementor-widget-wrap\">\n\t\t\t\t\t\t<div class=\"elementor-element elementor-element-7c5019c elementor-widget elementor-widget-text-editor\" data-id=\"7c5019c\" data-element_type=\"widget\" data-widget_type=\"text-editor.default\">\n\t\t\t\t<div class=\"elementor-widget-container\">\n\t\t\t\t\t<div class=\"elementor-text-editor elementor-clearfix\"><p>Atrav\u00e9s de equipe multidisciplinar, estamos capacitados para atender consultorias nas \u00e1reas de:<\/p><ul><li>Remedia\u00e7\u00e3o de \u00e1rea contaminada<\/li><li>Adequa\u00e7\u00e3o do sistema de tratamento, para atender a legisla\u00e7\u00e3o vigente<\/li><li>Consultoria para implanta\u00e7\u00e3o de \u00e1gua de reuso e capta\u00e7\u00e3o de \u00e1gua de chuva<\/li><\/ul><\/div>\n\t\t\t\t<\/div>\n\t\t\t\t<\/div>\n\t\t\t\t\t\t<\/div>\n\t\t\t\t\t<\/div>\n\t\t<\/div>\n\t\t\t\t\t\t\t\t<\/div>\n\t\t\t\t\t<\/div>\n\t\t<\/section>\n\t\t\t\t<section class=\"elementor-section elementor-top-section elementor-element elementor-element-44707a5 elementor-section-boxed elementor-section-height-default elementor-section-height-default\" data-id=\"44707a5\" data-element_type=\"section\">\n\t\t\t\t\t\t<div class=\"elementor-container elementor-column-gap-default\">\n\t\t\t\t\t\t\t<div class=\"elementor-row\">\n\t\t\t\t\t<div class=\"elementor-column elementor-col-100 elementor-top-column elementor-element elementor-element-3de3cc0\" data-id=\"3de3cc0\" data-element_type=\"column\">\n\t\t\t<div class=\"elementor-column-wrap elementor-element-populated\">\n\t\t\t\t\t\t\t<div class=\"elementor-widget-wrap\">\n\t\t\t\t\t\t<div class=\"elementor-element elementor-element-b4f5279 elementor-widget elementor-widget-text-editor\" data-id=\"b4f5279\" data-element_type=\"widget\" data-widget_type=\"text-editor.default\">\n\t\t\t\t<div class=\"elementor-widget-container\">\n\t\t\t\t\t<div class=\"elementor-text-editor elementor-clearfix\"><h3>Precisando de algum dos servi\u00e7os acima?<\/h3><\/div>\n\t\t\t\t<\/div>\n\t\t\t\t<\/div>\n\t\t\t\t\t\t<\/div>\n\t\t\t\t\t<\/div>\n\t\t<\/div>\n\t\t\t\t\t\t\t\t<\/div>\n\t\t\t\t\t<\/div>\n\t\t<\/section>\n\t\t\t\t<section class=\"elementor-section elementor-top-section elementor-element elementor-element-c5ee189 elementor-section-boxed elementor-section-height-default elementor-section-height-default\" data-id=\"c5ee189\" data-element_type=\"section\">\n\t\t\t\t\t\t<div class=\"elementor-container elementor-column-gap-default\">\n\t\t\t\t\t\t\t<div class=\"elementor-row\">\n\t\t\t\t\t<div class=\"elementor-column elementor-col-100 elementor-top-column elementor-element elementor-element-8f61b1f\" data-id=\"8f61b1f\" data-element_type=\"column\">\n\t\t\t<div class=\"elementor-column-wrap elementor-element-populated\">\n\t\t\t\t\t\t\t<div class=\"elementor-widget-wrap\">\n\t\t\t\t\t\t<div class=\"elementor-element elementor-element-80707b9 elementor-widget elementor-widget-button\" data-id=\"80707b9\" data-element_type=\"widget\" data-widget_type=\"button.default\">\n\t\t\t\t<div class=\"elementor-widget-container\">\n\t\t\t\t\t<div class=\"elementor-button-wrapper\">\n\t\t\t<a href=\"http:\/\/hsllaboratorio.com.br\/index.php\/orcamento\/\" class=\"elementor-button-link elementor-button elementor-size-lg\" role=\"button\">\n\t\t\t\t\t\t<span class=\"elementor-button-content-wrapper\">\n\t\t\t\t\t\t<span class=\"elementor-button-text\">Solicite Or\u00e7amento<\/span>\n\t\t<\/span>\n\t\t\t\t\t<\/a>\n\t\t<\/div>\n\t\t\t\t<\/div>\n\t\t\t\t<\/div>\n\t\t\t\t\t\t<\/div>\n\t\t\t\t\t<\/div>\n\t\t<\/div>\n\t\t\t\t\t\t\t\t<\/div>\n\t\t\t\t\t<\/div>\n\t\t<\/section>\n\t\t\t\t\t\t<\/div>\n\t\t\t\t\t\t<\/div>\n\t\t\t\t\t<\/div>\n\t\t","protected":false},"excerpt":{"rendered":"<p>Atrav\u00e9s de equipe multidisciplinar, estamos capacitados para atender consultorias nas \u00e1reas de: Remedia\u00e7\u00e3o de \u00e1rea contaminada Adequa\u00e7\u00e3o do sistema de tratamento, para atender a legisla\u00e7\u00e3o vigente Consultoria para implanta\u00e7\u00e3o de \u00e1gua de reuso e capta\u00e7\u00e3o de \u00e1gua de chuva Precisando de algum dos servi\u00e7os acima? Solicite Or\u00e7amento<\/p>\n","protected":false},"author":1,"featured_media":0,"parent":0,"menu_order":0,"comment_status":"closed","ping_status":"closed","template":"","meta":{"footnotes":""},"class_list":["post-708","page","type-page","status-publish","hentry"],"_links":{"self":[{"href":"https:\/\/hsllaboratorio.com.br\/index.php\/wp-json\/wp\/v2\/pages\/708","targetHints":{"allow":["GET"]}}],"collection":[{"href":"https:\/\/hsllaboratorio.com.br\/index.php\/wp-json\/wp\/v2\/pages"}],"about":[{"href":"https:\/\/hsllaboratorio.com.br\/index.php\/wp-json\/wp\/v2\/types\/page"}],"author":[{"embeddable":true,"href":"https:\/\/hsllaboratorio.com.br\/index.php\/wp-json\/wp\/v2\/users\/1"}],"replies":[{"embeddable":true,"href":"https:\/\/hsllaboratorio.com.br\/index.php\/wp-json\/wp\/v2\/comments?post=708"}],"version-history":[{"count":4,"href":"https:\/\/hsllaboratorio.com.br\/index.php\/wp-json\/wp\/v2\/pages\/708\/revisions"}],"predecessor-version":[{"id":790,"href":"https:\/\/hsllaboratorio.com.br\/index.php\/wp-json\/wp\/v2\/pages\/708\/revisions\/790"}],"wp:attachment":[{"href":"https:\/\/hsllaboratorio.com.br\/index.php\/wp-json\/wp\/v2\/media?parent=708"}],"curies":[{"name":"wp","href":"https:\/\/api.w.org\/{rel}","templated":true}]}}